{"id":138,"date":"2024-03-06T16:30:56","date_gmt":"2024-03-06T15:30:56","guid":{"rendered":"http:\/\/170.210.81.163\/becas\/?page_id=138"},"modified":"2025-12-02T11:37:25","modified_gmt":"2025-12-02T10:37:25","slug":"requisitos-y-documentacion-excluyente","status":"publish","type":"page","link":"https:\/\/becas.uncoma.edu.ar\/index.php\/requisitos-y-documentacion-excluyente\/","title":{"rendered":"Requisitos y Documentaci\u00f3n excluyente"},"content":{"rendered":"\t\t<div data-elementor-type=\"wp-page\" data-elementor-id=\"138\" class=\"elementor elementor-138\" data-elementor-post-type=\"page\">\n\t\t\t\t<div class=\"elementor-element elementor-element-d0e6dfe e-flex e-con-boxed e-con e-parent\" data-id=\"d0e6dfe\" data-element_type=\"container\" data-e-type=\"container\" data-settings=\"{&quot;background_background&quot;:&quot;classic&quot;}\">\n\t\t\t\t\t<div class=\"e-con-inner\">\n\t\t\t\t<div class=\"elementor-element elementor-element-bdd20bb elementor-widget elementor-widget-heading\" data-id=\"bdd20bb\" data-element_type=\"widget\" data-e-type=\"widget\" data-widget_type=\"heading.default\">\n\t\t\t\t<div class=\"elementor-widget-container\">\n\t\t\t\t\t<h2 class=\"elementor-heading-title elementor-size-default\">Requisitos y Documentaci\u00f3n excluyente<\/h2>\t\t\t\t<\/div>\n\t\t\t\t<\/div>\n\t\t\t\t\t<\/div>\n\t\t\t\t<\/div>\n\t\t<div class=\"elementor-element elementor-element-30b8fd6 e-flex e-con-boxed e-con e-parent\" data-id=\"30b8fd6\" data-element_type=\"container\" data-e-type=\"container\" data-settings=\"{&quot;background_background&quot;:&quot;classic&quot;}\">\n\t\t\t\t\t<div class=\"e-con-inner\">\n\t\t\t\t<div class=\"elementor-element elementor-element-9d125a4 elementor-widget elementor-widget-heading\" data-id=\"9d125a4\" data-element_type=\"widget\" data-e-type=\"widget\" data-widget_type=\"heading.default\">\n\t\t\t\t<div class=\"elementor-widget-container\">\n\t\t\t\t\t<h2 class=\"elementor-heading-title elementor-size-default\">Requisitos para la Inscripci\u00f3n a Becas<\/h2>\t\t\t\t<\/div>\n\t\t\t\t<\/div>\n\t\t\t\t<div class=\"elementor-element elementor-element-a8cba11 elementor-widget elementor-widget-text-editor\" data-id=\"a8cba11\" data-element_type=\"widget\" data-e-type=\"widget\" data-widget_type=\"text-editor.default\">\n\t\t\t\t<div class=\"elementor-widget-container\">\n\t\t\t\t\t\t\t\t\t<ul><li>Tener finalizado el nivel secundario (sin adeudar materias).<\/li><li>No poseer t\u00edtulo terciario y\/o universitario.<\/li><li>Para estudiantes extranjeros, tener la convalidaci\u00f3n del t\u00edtulo secundario.<\/li><\/ul><p><strong>Inscripci\u00f3n: Las inscripciones ser\u00e1n de forma presencial del 1 al 22 de diciembre de 2025 y del 1 al 28 de febrero de 2026.<\/strong><\/p>\t\t\t\t\t\t\t\t<\/div>\n\t\t\t\t<\/div>\n\t\t<div class=\"elementor-element elementor-element-a17fe16 e-con-full e-flex e-con e-child\" data-id=\"a17fe16\" data-element_type=\"container\" data-e-type=\"container\">\n\t\t\t\t<div class=\"elementor-element elementor-element-50fd176 elementor-widget elementor-widget-heading\" data-id=\"50fd176\" data-element_type=\"widget\" data-e-type=\"widget\" data-widget_type=\"heading.default\">\n\t\t\t\t<div class=\"elementor-widget-container\">\n\t\t\t\t\t<h2 class=\"elementor-heading-title elementor-size-default\">Documentaci\u00f3n Excluyente<\/h2>\t\t\t\t<\/div>\n\t\t\t\t<\/div>\n\t\t\t\t<div class=\"elementor-element elementor-element-a69b6f3 elementor-widget elementor-widget-heading\" data-id=\"a69b6f3\" data-element_type=\"widget\" data-e-type=\"widget\" data-widget_type=\"heading.default\">\n\t\t\t\t<div class=\"elementor-widget-container\">\n\t\t\t\t\t<h2 class=\"elementor-heading-title elementor-size-default\">(deber\u00e1 presentarse en papel <u>original y fotocopias o impresiones<\/u>)<\/h2>\t\t\t\t<\/div>\n\t\t\t\t<\/div>\n\t\t\t\t<\/div>\n\t\t\t\t<div class=\"elementor-element elementor-element-8b673ef elementor-widget elementor-widget-text-editor\" data-id=\"8b673ef\" data-element_type=\"widget\" data-e-type=\"widget\" data-widget_type=\"text-editor.default\">\n\t\t\t\t<div class=\"elementor-widget-container\">\n\t\t\t\t\t\t\t\t\t<p><strong>Datos del postulante<\/strong><\/p><ul><li>DNI de ambos lados.<\/li><li>Constancia de CUIL (en caso de que dicho n\u00famero no figure en el DNI).<\/li><li>Para alumnos Ingresantes: Constancia de finalizaci\u00f3n de estudios secundarios y constancia de inscripci\u00f3n a la carrera, entregado por su facultad.<\/li><li>Para alumnos regulares: \u00fanicamente el rendimiento acad\u00e9mico.<\/li><\/ul><p><strong>Condici\u00f3n de tenencia de la vivienda<\/strong><\/p><p>Si tu vivienda es:<\/p><ul><li>Propia: no ten\u00e9s que presentar ninguna documentaci\u00f3n.<\/li><li>Alquilada por estudio: constancia del pago mensual o la hoja del contrato de alquiler (donde conste domicilio e importe mensual) En caso de un acuerdo de palabra, incluir una nota aclaratoria detallando situaci\u00f3n y montos mensuales.<\/li><li>Cedida por estudio: nota aclaratoria que detalle el motivo y acuerdo en torno al pr\u00e9stamo.<\/li><\/ul><p>Servicios del estudiante y\/o grupo familiar de convivencia, deber\u00e1 presentar los comprobante abonados de:\u00a0<\/p><ul><li>Luz, Gas, Agua,\u00a0<\/li><li>Obra Social prepaga<\/li><li>Retributivos (Impuesto Municipal)<\/li><li>Tel\u00e9fono (fijo o celular)<\/li><\/ul><p><strong>Certificaciones Negativas de ANSES y Comprobantes de ingresos econ\u00f3micos<\/strong>\u00a0de\u00a0todos\/as los\/as integrantes del grupo familiar y\/o vincular del que depend\u00e9s econ\u00f3micamente, independientemente que te aporten ingresos de manera directa o no<\/p><ul><li>Certificaci\u00f3n negativa de ANSES o denegatoria: tuya y la de todas las personas del grupo familiar mayores de 18 a\u00f1os inclusive. Para obtenerlas pod\u00e9s consultar en el siguiente enlace:\u00a0<a href=\"https:\/\/servicioswww.anses.gob.ar\/censite\/index.aspx\">https:\/\/servicioswww.anses.gob.ar\/censite\/index.aspx<\/a>. En caso de obtener denegatoria, pod\u00e9s guardarla en formato pdf (hacer click derecho, imprimir, guardar como pdf).<\/li><li>Constancias de tus ingresos y de cada integrante del grupo familiar, no anterior a septiembre de 2025, seg\u00fan corresponda al tipo de trabajo:<ul><li>Trabajadores\/as en relaci\u00f3n de dependencia o trabajadores\/as formales: \u00faltimo recibo de sueldo mensual o quincenal (ambas quincenas), seg\u00fan el caso (se incluyen aqu\u00ed los trabajadores\/as temporarios\/as).<\/li><li>Trabajadores\/as informales: nota aclaratoria donde conste el monto percibido aproximadamente y tipo de actividad realizada.<\/li><li>Trabajadores\/as Aut\u00f3nomos\/as: Ultima Declaraci\u00f3n Anual de Ganancias y comprobante de inscripci\u00f3n.<\/li><li>Trabajadores\/as Monotributistas: Constancia de inscripci\u00f3n o de opci\u00f3n en la que figure la categor\u00eda.<\/li><li>Monotributistas Sociales: Constancia de inscripci\u00f3n. Nota aclaratoria donde conste el monto percibido y el tipo de actividad realizada.<\/li><li>Jubilados\/as y pensionados\/as: recibo de jubilaci\u00f3n y\/o pensi\u00f3n, seg\u00fan corresponda.<\/li><li>Desocupados\/as (quienes hayan perdido su actividad laboral en los \u00faltimos ocho meses): Telegrama de despido\/renuncia e indemnizaci\u00f3n o nota aclaratoria, seg\u00fan corresponda. En caso de percibir prestaci\u00f3n de seguro por desempleo adjuntar el comprobante.<\/li><\/ul><\/li><\/ul><p><strong>Otros ingresos<\/strong><\/p><p>Si vos o tu familia reciben ingresos a trav\u00e9s de las siguientes figuras:<\/p><ul><li>Asignaci\u00f3n o Plan Social (Becas Progresar, Asignaci\u00f3n Universal por Hijo, IFE).<\/li><li>Pasant\u00edas: convenio, de no poseerlo una nota aclaratoria donde conste lugar en donde se realiza, tiempo de duraci\u00f3n y asignaci\u00f3n est\u00edmulo percibida.<\/li><li>Alquiler de inmuebles: documentaci\u00f3n pertinente o nota aclaratoria.<\/li><li>Ayuda econ\u00f3mica de familiares, cuota alimentaria: documentaci\u00f3n pertinente o nota aclaratoria.<\/li><\/ul><p><strong>Situaciones de salud del\/la estudiante<\/strong><\/p><p>Si vos ten\u00e9s una enfermedad cr\u00f3nica o presentas una discapacidad:<\/p><ul><li>Certificado m\u00e9dico actualizado (que indique diagn\u00f3stico).<\/li><li>Certificado de Discapacidad vigente.<\/li><li>Comprobante de gastos en medicaci\u00f3n.<\/li><li>Otros gastos generados por esta situaci\u00f3n.<\/li><\/ul><p><strong>No ser\u00e1n v\u00e1lidos los estudios m\u00e9dicos como reemplazo de los certificados.<\/strong> Solo ser\u00e1n consideradas aquellas situaciones de salud con su certificado correspondiente.<\/p>\t\t\t\t\t\t\t\t<\/div>\n\t\t\t\t<\/div>\n\t\t\t\t<div class=\"elementor-element elementor-element-b60dc88 elementor-widget elementor-widget-heading\" data-id=\"b60dc88\" data-element_type=\"widget\" data-e-type=\"widget\" data-widget_type=\"heading.default\">\n\t\t\t\t<div class=\"elementor-widget-container\">\n\t\t\t\t\t<h2 class=\"elementor-heading-title elementor-size-default\">Realizaci\u00f3n de Entrevistas<\/h2>\t\t\t\t<\/div>\n\t\t\t\t<\/div>\n\t\t\t\t<div class=\"elementor-element elementor-element-aa0de42 elementor-widget elementor-widget-text-editor\" data-id=\"aa0de42\" data-element_type=\"widget\" data-e-type=\"widget\" data-widget_type=\"text-editor.default\">\n\t\t\t\t<div class=\"elementor-widget-container\">\n\t\t\t\t\t\t\t\t\t<p>Las entrevistas se realizar\u00e1n de manera presencial en cada una de las facultades, sedes y asentamientos de la UNCo (Ver lugares de inscripci\u00f3n). Para dicha entrevista el\/la estudiante deber\u00e1 asistir con toda la documentaci\u00f3n en mano dentro de los plazos de inscripci\u00f3n estipulados. Podes inscribirte en el lugar habilitado m\u00e1s cercano a tu domicilio sea este o no el lugar de la facultad, sede o asentamiento en el que vas a cursar tus estudios universitarios.<\/p>\t\t\t\t\t\t\t\t<\/div>\n\t\t\t\t<\/div>\n\t\t\t\t<div class=\"elementor-element elementor-element-3ba8742 elementor-widget-divider--view-line elementor-widget elementor-widget-divider\" data-id=\"3ba8742\" data-element_type=\"widget\" data-e-type=\"widget\" data-widget_type=\"divider.default\">\n\t\t\t\t<div class=\"elementor-widget-container\">\n\t\t\t\t\t\t\t<div class=\"elementor-divider\">\n\t\t\t<span class=\"elementor-divider-separator\">\n\t\t\t\t\t\t<\/span>\n\t\t<\/div>\n\t\t\t\t\t\t<\/div>\n\t\t\t\t<\/div>\n\t\t\t\t<div class=\"elementor-element elementor-element-1d27274 elementor-widget elementor-widget-text-editor\" data-id=\"1d27274\" data-element_type=\"widget\" data-e-type=\"widget\" data-widget_type=\"text-editor.default\">\n\t\t\t\t<div class=\"elementor-widget-container\">\n\t\t\t\t\t\t\t\t\t<p>Te sugerimos inscribirte con tiempo, record\u00e1 que podes asistir desde el 01 de Diciembre de este a\u00f1o.<\/p><p>Si ten\u00e9s\u00a0dudas sobre la documentaci\u00f3n que ten\u00e9s que adjuntar o est\u00e1s lejos de los lugares de inscripci\u00f3n habiliados, pod\u00e9s contactarnos enviando un correo a <a href=\"mailto:inscripcion.becas@central.uncoma.edu.ar\">inscripcion.becas@central.uncoma.edu.ar<\/a>.<\/p><p>Te esperamos para que puedas realizar tu inscripci\u00f3n.<\/p>\t\t\t\t\t\t\t\t<\/div>\n\t\t\t\t<\/div>\n\t\t\t\t\t<\/div>\n\t\t\t\t<\/div>\n\t\t\t\t<\/div>\n\t\t","protected":false},"excerpt":{"rendered":"<p>Requisitos y Documentaci\u00f3n excluyente Requisitos para la Inscripci\u00f3n a Becas Tener finalizado el nivel secundario (sin adeudar materias). No poseer t\u00edtulo terciario y\/o universitario. Para estudiantes extranjeros, tener la convalidaci\u00f3n del t\u00edtulo secundario. Inscripci\u00f3n: Las inscripciones ser\u00e1n de forma presencial del 1 al 22 de diciembre de 2025 y del 1 al 28 de febrero [&hellip;]<\/p>\n","protected":false},"author":1,"featured_media":0,"parent":0,"menu_order":0,"comment_status":"closed","ping_status":"closed","template":"","meta":{"footnotes":""},"class_list":["post-138","page","type-page","status-publish","hentry"],"_links":{"self":[{"href":"https:\/\/becas.uncoma.edu.ar\/index.php\/wp-json\/wp\/v2\/pages\/138","targetHints":{"allow":["GET"]}}],"collection":[{"href":"https:\/\/becas.uncoma.edu.ar\/index.php\/wp-json\/wp\/v2\/pages"}],"about":[{"href":"https:\/\/becas.uncoma.edu.ar\/index.php\/wp-json\/wp\/v2\/types\/page"}],"author":[{"embeddable":true,"href":"https:\/\/becas.uncoma.edu.ar\/index.php\/wp-json\/wp\/v2\/users\/1"}],"replies":[{"embeddable":true,"href":"https:\/\/becas.uncoma.edu.ar\/index.php\/wp-json\/wp\/v2\/comments?post=138"}],"version-history":[{"count":40,"href":"https:\/\/becas.uncoma.edu.ar\/index.php\/wp-json\/wp\/v2\/pages\/138\/revisions"}],"predecessor-version":[{"id":291,"href":"https:\/\/becas.uncoma.edu.ar\/index.php\/wp-json\/wp\/v2\/pages\/138\/revisions\/291"}],"wp:attachment":[{"href":"https:\/\/becas.uncoma.edu.ar\/index.php\/wp-json\/wp\/v2\/media?parent=138"}],"curies":[{"name":"wp","href":"https:\/\/api.w.org\/{rel}","templated":true}]}}